{"id":60,"date":"2025-03-15T19:55:14","date_gmt":"2025-03-15T18:55:14","guid":{"rendered":"https:\/\/agnes.paulklee.fr\/?page_id=60"},"modified":"2025-09-05T17:26:36","modified_gmt":"2025-09-05T15:26:36","slug":"accueil","status":"publish","type":"page","link":"https:\/\/agnes-garcin.fr\/","title":{"rendered":"Accueil"},"content":{"rendered":"\n<div class=\"wp-block-columns is-layout-flex wp-container-core-columns-is-layout-28f84493 wp-block-columns-is-layout-flex\">\n<div class=\"wp-block-column is-layout-flow wp-block-column-is-layout-flow\">\n<figure class=\"wp-block-image size-large\"><img loading=\"lazy\" decoding=\"async\" width=\"704\" height=\"1024\" src=\"https:\/\/agnes-garcin.fr\/wp-content\/uploads\/23_huile_020-704x1024.jpg\" alt=\"\" class=\"wp-image-379\" srcset=\"https:\/\/agnes-garcin.fr\/wp-content\/uploads\/23_huile_020-704x1024.jpg 704w, https:\/\/agnes-garcin.fr\/wp-content\/uploads\/23_huile_020-344x500.jpg 344w, https:\/\/agnes-garcin.fr\/wp-content\/uploads\/23_huile_020-768x1117.jpg 768w, https:\/\/agnes-garcin.fr\/wp-content\/uploads\/23_huile_020-1056x1536.jpg 1056w, https:\/\/agnes-garcin.fr\/wp-content\/uploads\/23_huile_020-1408x2048.jpg 1408w, https:\/\/agnes-garcin.fr\/wp-content\/uploads\/23_huile_020-scaled.jpg 1760w\" sizes=\"auto, (max-width: 704px) 100vw, 704px\" \/><figcaption class=\"wp-element-caption\"><strong>P\u00e2tisson et th\u00e9i\u00e8re II<\/strong> 2023<br>huile 10P 55x38cm<\/figcaption><\/figure>\n<\/div>\n\n\n\n<div class=\"wp-block-column is-layout-flow wp-block-column-is-layout-flow\">\n<p><\/p>\n\n\n\n<blockquote class=\"wp-block-quote is-style-plain has-ast-global-color-1-color has-ast-global-color-4-background-color has-text-color has-background has-link-color wp-elements-662ca5cff4be3eb05a4a6ae45f8879bf is-layout-flow wp-block-quote-is-layout-flow\">\n<p>Au d\u00e9but, on ne voit rien. On voit un ensemble de choses mais on ne voit rien, ou plut\u00f4t, on voit comme tout le monde. Ce qu\u2019il faut, c\u2019est une longue observation m\u00e9ditative, crayon en main. Et au bout d\u2019un certain temps on s\u2019aper\u00e7oit que les choses commencent \u00e0 avoir une autre v\u00e9rit\u00e9. (&#8230;) Cela demande beaucoup de temps.<\/p>\n<\/blockquote>\n\n\n\n<p class=\"has-text-align-right\"><a href=\"https:\/\/editions-verdier.fr\/livre\/bonnard-la-main-legere\/\" target=\"_blank\" rel=\"noreferrer noopener\"><em><mark style=\"background-color:rgba(0, 0, 0, 0)\" class=\"has-inline-color has-ast-global-color-1-color\">La qu\u00eate de la r\u00e9alit\u00e9<\/mark><br>\u00c9douard Pignon<\/em><\/a><\/p>\n<\/div>\n<\/div>\n\n\n\n<p><\/p>\n","protected":false},"excerpt":{"rendered":"<p>Au d\u00e9but, on ne voit rien. On voit un ensemble de choses mais on ne voit rien, ou plut\u00f4t, on [&hellip;]<\/p>\n","protected":false},"author":1,"featured_media":0,"parent":0,"menu_order":0,"comment_status":"closed","ping_status":"closed","template":"","meta":{"site-sidebar-layout":"default","site-content-layout":"","ast-site-content-layout":"default","site-content-style":"default","site-sidebar-style":"default","ast-global-header-display":"","ast-banner-title-visibility":"","ast-main-header-display":"","ast-hfb-above-header-display":"","ast-hfb-below-header-display":"","ast-hfb-mobile-header-display":"","site-post-title":"","ast-breadcrumbs-content":"","ast-featured-img":"","footer-sml-layout":"","ast-disable-related-posts":"","theme-transparent-header-meta":"","adv-header-id-meta":"","stick-header-meta":"","header-above-stick-meta":"","header-main-stick-meta":"","header-below-stick-meta":"","astra-migrate-meta-layouts":"default","ast-page-background-enabled":"default","ast-page-background-meta":{"desktop":{"background-color":"var(--ast-global-color-5)","background-image":"","background-repeat":"repeat","background-position":"center center","background-size":"auto","background-attachment":"scroll","background-type":"","background-media":"","overlay-type":"","overlay-color":"","overlay-opacity":"","overlay-gradient":""},"tablet":{"background-color":"","background-image":"","background-repeat":"repeat","background-position":"center center","background-size":"auto","background-attachment":"scroll","background-type":"","background-media":"","overlay-type":"","overlay-color":"","overlay-opacity":"","overlay-gradient":""},"mobile":{"background-color":"","background-image":"","background-repeat":"repeat","background-position":"center center","background-size":"auto","background-attachment":"scroll","background-type":"","background-media":"","overlay-type":"","overlay-color":"","overlay-opacity":"","overlay-gradient":""}},"ast-content-background-meta":{"desktop":{"background-color":"var(--ast-global-color-4)","background-image":"","background-repeat":"repeat","background-position":"center center","background-size":"auto","background-attachment":"scroll","background-type":"","background-media":"","overlay-type":"","overlay-color":"","overlay-opacity":"","overlay-gradient":""},"tablet":{"background-color":"var(--ast-global-color-4)","background-image":"","background-repeat":"repeat","background-position":"center center","background-size":"auto","background-attachment":"scroll","background-type":"","background-media":"","overlay-type":"","overlay-color":"","overlay-opacity":"","overlay-gradient":""},"mobile":{"background-color":"var(--ast-global-color-4)","background-image":"","background-repeat":"repeat","background-position":"center center","background-size":"auto","background-attachment":"scroll","background-type":"","background-media":"","overlay-type":"","overlay-color":"","overlay-opacity":"","overlay-gradient":""}},"footnotes":""},"class_list":["post-60","page","type-page","status-publish","hentry"],"_links":{"self":[{"href":"https:\/\/agnes-garcin.fr\/index.php\/wp-json\/wp\/v2\/pages\/60","targetHints":{"allow":["GET"]}}],"collection":[{"href":"https:\/\/agnes-garcin.fr\/index.php\/wp-json\/wp\/v2\/pages"}],"about":[{"href":"https:\/\/agnes-garcin.fr\/index.php\/wp-json\/wp\/v2\/types\/page"}],"author":[{"embeddable":true,"href":"https:\/\/agnes-garcin.fr\/index.php\/wp-json\/wp\/v2\/users\/1"}],"replies":[{"embeddable":true,"href":"https:\/\/agnes-garcin.fr\/index.php\/wp-json\/wp\/v2\/comments?post=60"}],"version-history":[{"count":18,"href":"https:\/\/agnes-garcin.fr\/index.php\/wp-json\/wp\/v2\/pages\/60\/revisions"}],"predecessor-version":[{"id":780,"href":"https:\/\/agnes-garcin.fr\/index.php\/wp-json\/wp\/v2\/pages\/60\/revisions\/780"}],"wp:attachment":[{"href":"https:\/\/agnes-garcin.fr\/index.php\/wp-json\/wp\/v2\/media?parent=60"}],"curies":[{"name":"wp","href":"https:\/\/api.w.org\/{rel}","templated":true}]}}