{"id":239,"date":"2025-03-19T08:50:32","date_gmt":"2025-03-19T07:50:32","guid":{"rendered":"https:\/\/agnes.paulklee.fr\/?page_id=239"},"modified":"2025-07-15T12:22:50","modified_gmt":"2025-07-15T10:22:50","slug":"a-propos","status":"publish","type":"page","link":"https:\/\/agnes-garcin.fr\/index.php\/a-propos\/","title":{"rendered":"A propos"},"content":{"rendered":"\n<div class=\"wp-block-media-text is-stacked-on-mobile\" style=\"grid-template-columns:20% auto\"><figure class=\"wp-block-media-text__media\"><img loading=\"lazy\" decoding=\"async\" width=\"210\" height=\"308\" src=\"https:\/\/agnes-garcin.fr\/wp-content\/uploads\/2025\/03\/photo-agnes-garcin.png\" alt=\"\" class=\"wp-image-233 size-full\" srcset=\"https:\/\/agnes-garcin.fr\/wp-content\/uploads\/2025\/03\/photo-agnes-garcin.png 210w, https:\/\/agnes-garcin.fr\/wp-content\/uploads\/2025\/03\/photo-agnes-garcin-205x300.png 205w\" sizes=\"auto, (max-width: 210px) 100vw, 210px\" \/><\/figure><div class=\"wp-block-media-text__content\">\n<p>Plus j&#8217;avance dans mon travail sur le motif, plus il me semble que la \u00ab bataille \u00bb porte sur ceci&nbsp;: la lumi\u00e8re ext\u00e9rieure me contraint \u00e0 une ex\u00e9cution rapide, synth\u00e9tique, cherchant l&#8217;impression qui sera au plus pr\u00e8s du motif fugace et de la variation de la lumi\u00e8re. <br>Cette \u00ab bataille \u00bb questionne le rapport fini\/non fini de l&#8217;\u0153uvre : jusqu&#8217;o\u00f9 &#8220;d\u00e9finir&#8221;, jusqu&#8217;o\u00f9 &#8220;dire&#8221; sans tomber dans l&#8217;anecdotique, ni r\u00e9duire la libert\u00e9 de celui qui regardera le tableau? Lors de ce travail, la temporalit\u00e9 vient s&#8217;inscrire dans le monde immobile du tableau. <br> Par ricochet, cette &#8220;recherche-non-finie&#8221; convoque peut-\u00eatre le spectateur, \u00e0 son tour, \u00e0 donner vie \u00e0 la toile, cr\u00e9ant sa propre histoire entre lui, l&#8217;\u0153uvre et l&#8217;artiste car, in fine, une \u0153uvre n&#8217;existe que dans le regard d&#8217;autrui.<br> Si j\u2019ai toujours dessin\u00e9, ce n\u2019est que plus tard que j\u2019ai os\u00e9 aborder la couleur. Claudius PRALUS, Jacques FLACHER, Jean-Louis MORELLE, entre autres, ont guid\u00e9 mes pas. Depuis quelques ann\u00e9es d\u00e9sormais, je pr\u00e9f\u00e8re les expositions personnelles aux salons collectifs&nbsp;; il me semble que ce format permet de mieux voir \u00e9merger un travail.<br> La vie banale, celle qui se donne \u00e0 voir pour peu qu&#8217;on y pr\u00eate attention, reste mon sujet, la vie quotidienne que chacun regarde mais dont peu voient la beaut\u00e9 parce qu&#8217;ils ont des &#8220;yeux habitu\u00e9s&#8221;.<\/p>\n<\/div><\/div>\n\n\n\n<h3 class=\"wp-block-heading\">Ouvrage<\/h3>\n\n\n\n<div class=\"wp-block-media-text is-stacked-on-mobile\" style=\"grid-template-columns:31% auto\"><figure class=\"wp-block-media-text__media\"><img loading=\"lazy\" decoding=\"async\" width=\"331\" height=\"304\" src=\"https:\/\/agnes-garcin.fr\/wp-content\/uploads\/2025\/03\/agnes-garcin-flaneries-parc-tete-dor.png\" alt=\"\" class=\"wp-image-228 size-full\" srcset=\"https:\/\/agnes-garcin.fr\/wp-content\/uploads\/2025\/03\/agnes-garcin-flaneries-parc-tete-dor.png 331w, https:\/\/agnes-garcin.fr\/wp-content\/uploads\/2025\/03\/agnes-garcin-flaneries-parc-tete-dor-300x276.png 300w\" sizes=\"auto, (max-width: 331px) 100vw, 331px\" \/><\/figure><div class=\"wp-block-media-text__content\">\n<p><mark style=\"background-color:rgba(0, 0, 0, 0)\" class=\"has-inline-color has-ast-global-color-1-color\">Fl\u00e2neries au Parc de la T\u00eate d&#8217;Or<\/mark><br>\u00c9dition La Taillanderie (2006)<br><em>Fl\u00e2neries au Parc de la T\u00eate d&#8217;Or<\/em> introduit le lecteur dans ce lieu, aussi bien par un texte document\u00e9 que par de nombreux croquis et aquarelles et des \u00e9l\u00e9ments historiques qui permettent de d\u00e9couvrir la naissance du parc. Son \u00e9volution y est relat\u00e9e, jusqu&#8217;\u00e0 la toute r\u00e9cente cr\u00e9ation de la Plaine Africaine. (&#8230;) ce livre met en valeur ce patrimoine lyonnais et donne envie d&#8217;aller y fl\u00e2ner.<\/p>\n<\/div><\/div>\n\n\n\n<h3 class=\"wp-block-heading\">Rencontres<\/h3>\n\n\n\n<div class=\"wp-block-media-text is-stacked-on-mobile\" style=\"grid-template-columns:23% auto\"><figure class=\"wp-block-media-text__media\"><a href=\"https:\/\/www.scott59.com\/photo_17053038.html\" target=\"_blank\" rel=\" noreferrer noopener\"><img loading=\"lazy\" decoding=\"async\" width=\"150\" height=\"123\" src=\"https:\/\/agnes-garcin.fr\/wp-content\/uploads\/2025\/03\/decouvertes_13.jpg\" alt=\"\" class=\"wp-image-273 size-full\"\/><\/a><\/figure><div class=\"wp-block-media-text__content\">\n<h4 class=\"wp-block-heading\"><a href=\"https:\/\/www.scott59.com\/\" target=\"_blank\" rel=\"noreferrer noopener\">John Scott<\/a><\/h4>\n\n\n\n<p>J&#8217;ai fait la connaissance de <strong>John<\/strong> quand j&#8217;ai expos\u00e9 en Haute-Loire en 2022. Nous avons beaucoup \u00e9chang\u00e9 sur nos recherches respectives. Il m&#8217;a propos\u00e9 d&#8217;aller voir son atelier. Sa peinture tr\u00e8s structur\u00e9e m&#8217;int\u00e9resse, le choix de ses sujets m&#8217;\u00e9meut. Son enracinement dans cette terre d&#8217;Auvergne que j&#8217;aime rejoint mes propres racines.\u00a0 C&#8217;est une belle rencontre. Depuis nous avons expos\u00e9 ensemble.<\/p>\n<\/div><\/div>\n\n\n\n<div class=\"wp-block-media-text is-stacked-on-mobile\" style=\"grid-template-columns:15% auto\"><figure class=\"wp-block-media-text__media\"><a href=\"https:\/\/dchessel.fr\/2011-2017\/2015-2\/#personnages\" target=\"_blank\" rel=\" noreferrer noopener\"><img loading=\"lazy\" decoding=\"async\" width=\"313\" height=\"500\" src=\"https:\/\/agnes-garcin.fr\/wp-content\/uploads\/dc2ag-313x500.jpg\" alt=\"\" class=\"wp-image-555 size-medium\" srcset=\"https:\/\/agnes-garcin.fr\/wp-content\/uploads\/dc2ag-313x500.jpg 313w, https:\/\/agnes-garcin.fr\/wp-content\/uploads\/dc2ag.jpg 640w\" sizes=\"auto, (max-width: 313px) 100vw, 313px\" \/><\/a><\/figure><div class=\"wp-block-media-text__content\">\n<h4 class=\"wp-block-heading\"><a href=\"https:\/\/dchessel.fr\/\" target=\"_blank\" rel=\"noreferrer noopener\">Daniel Chessel<\/a><\/h4>\n\n\n\n<p>Le dessin de <strong>Daniel<\/strong> est \u00ab&nbsp;plus-que-vivant&nbsp;\u00bb, dr\u00f4le et plein de tendresse, quel que soit ce qui attire son \u0153il. Ce qu\u2019il croque n\u2019est pas l\u2019exactitude, mais l\u2019esprit. Dans ses dessins, cet esprit est quasiment toujours l\u00e0. Il puise \u00e0 toutes les sources et fait feu de tout bois. Par ailleurs, il a fait des recherches pouss\u00e9es sur l\u2019analyse des couleurs qui m\u00e9ritent le d\u00e9tour. Nous nous sommes rencontr\u00e9s il y a bien longtemps, autour de l\u2019aquarelle : les liens perdurent.<\/p>\n<\/div><\/div>\n\n\n\n<div class=\"wp-block-media-text is-stacked-on-mobile\" style=\"grid-template-columns:23% auto\"><figure class=\"wp-block-media-text__media\"><img loading=\"lazy\" decoding=\"async\" width=\"500\" height=\"342\" src=\"https:\/\/agnes-garcin.fr\/wp-content\/uploads\/jlmorelle2-500x342.jpg\" alt=\"\" class=\"wp-image-560 size-medium\" srcset=\"https:\/\/agnes-garcin.fr\/wp-content\/uploads\/jlmorelle2-500x342.jpg 500w, https:\/\/agnes-garcin.fr\/wp-content\/uploads\/jlmorelle2-768x525.jpg 768w, https:\/\/agnes-garcin.fr\/wp-content\/uploads\/jlmorelle2.jpg 911w\" sizes=\"auto, (max-width: 500px) 100vw, 500px\" \/><\/figure><div class=\"wp-block-media-text__content\">\n<h4 class=\"wp-block-heading\"><a href=\"http:\/\/www.jean-louis-morelle.com\/\" target=\"_blank\" rel=\"noreferrer noopener\">Jean-Louis Morelle<\/a><\/h4>\n\n\n\n<p>J&#8217;ai aim\u00e9 le travail avec <strong>Jean-Louis<\/strong> et les d\u00e9couvertes qu&#8217;il m&#8217;a offertes. Peintre confirm\u00e9, il \u00e9tait toujours en recherche et cela le rendait heureux. Il m&#8217;avait dit: &#8220;Je travaille beaucoup, je r\u00e9ussis parfois mais j&#8217;\u00e9choue aussi beaucoup&#8221;. Apr\u00e8s un long voyage dans l&#8217;aquarelle, il \u00e9tait revenu \u00e0 la peinture \u00e0 l&#8217;huile.<\/p>\n<\/div><\/div>\n\n\n\n<div class=\"wp-block-media-text is-stacked-on-mobile\" style=\"grid-template-columns:19% auto\"><figure class=\"wp-block-media-text__media\"><img loading=\"lazy\" decoding=\"async\" width=\"275\" height=\"328\" src=\"https:\/\/agnes-garcin.fr\/wp-content\/uploads\/2025\/03\/swan.jpg\" alt=\"\" class=\"wp-image-277 size-full\" srcset=\"https:\/\/agnes-garcin.fr\/wp-content\/uploads\/2025\/03\/swan.jpg 275w, https:\/\/agnes-garcin.fr\/wp-content\/uploads\/2025\/03\/swan-252x300.jpg 252w\" sizes=\"auto, (max-width: 275px) 100vw, 275px\" \/><\/figure><div class=\"wp-block-media-text__content\">\n<h4 class=\"wp-block-heading\"><a href=\"https:\/\/www.dixgraphyk.com\/\" target=\"_blank\" rel=\"noreferrer noopener\">Swan Dubois<\/a><\/h4>\n\n\n\n<p><br>J\u2019ai rencontr\u00e9 <strong>Swan<\/strong> alors que je faisais des photocopies pour des flyers pour une expo. Elle s\u2019est int\u00e9ress\u00e9e \u00e0 mon travail et j\u2019ai d\u00e9couvert qu\u2019elle faisait de la linogravure. Ce qu\u2019elle cr\u00e9e est simple et plein de fra\u00eecheur, l\u00e9ger et p\u00e9tillant. Alors, je m&#8217;y suis mise aussi.<\/p>\n<\/div><\/div>\n\n\n\n<div class=\"wp-block-media-text is-stacked-on-mobile\" style=\"grid-template-columns:20% auto\"><figure class=\"wp-block-media-text__media\"><img loading=\"lazy\" decoding=\"async\" width=\"150\" height=\"210\" src=\"https:\/\/agnes-garcin.fr\/wp-content\/uploads\/2025\/03\/decouvertes_12.jpg\" alt=\"\" class=\"wp-image-272 size-full\"\/><\/figure><div class=\"wp-block-media-text__content\">\n<h4 class=\"wp-block-heading\"><a href=\"http:\/\/la-plume-interlude.fr\/\" target=\"_blank\" rel=\"noreferrer noopener\">St\u00e9phanie Massoni<\/a><\/h4>\n\n\n\n<p><strong>St\u00e9phanie<\/strong> est passionn\u00e9e par l&#8217;\u00e9criture. \u00c9crire et permettre \u00e0 chacun d&#8217;\u00e9crire ce qu&#8217;il porte en lui sans le savoir. Nous avons collabor\u00e9 lors d&#8217;une exposition pour mettre en place <a href=\"http:\/\/la-plume-interlude.fr\/wp-content\/uploads\/2016\/10\/APartirDesOeuvresD_AgnesGarcin.pdf\" target=\"_blank\" rel=\"noreferrer noopener\">un atelier d&#8217;\u00e9criture<\/a> \u00e0 partir des \u0153uvres pr\u00e9sent\u00e9es: belle exp\u00e9rience quand les arts se conjuguent.<\/p>\n<\/div><\/div>\n\n\n\n<p><\/p>\n","protected":false},"excerpt":{"rendered":"<p>Plus j&#8217;avance dans mon travail sur le motif, plus il me semble que la \u00ab bataille \u00bb porte sur ceci&nbsp;: [&hellip;]<\/p>\n","protected":false},"author":1,"featured_media":0,"parent":0,"menu_order":6,"comment_status":"closed","ping_status":"closed","template":"","meta":{"site-sidebar-layout":"default","site-content-layout":"","ast-site-content-layout":"default","site-content-style":"default","site-sidebar-style":"default","ast-global-header-display":"","ast-banner-title-visibility":"","ast-main-header-display":"","ast-hfb-above-header-display":"","ast-hfb-below-header-display":"","ast-hfb-mobile-header-display":"","site-post-title":"","ast-breadcrumbs-content":"","ast-featured-img":"","footer-sml-layout":"","ast-disable-related-posts":"","theme-transparent-header-meta":"","adv-header-id-meta":"","stick-header-meta":"","header-above-stick-meta":"","header-main-stick-meta":"","header-below-stick-meta":"","astra-migrate-meta-layouts":"default","ast-page-background-enabled":"default","ast-page-background-meta":{"desktop":{"background-color":"var(--ast-global-color-5)","background-image":"","background-repeat":"repeat","background-position":"center center","background-size":"auto","background-attachment":"scroll","background-type":"","background-media":"","overlay-type":"","overlay-color":"","overlay-opacity":"","overlay-gradient":""},"tablet":{"background-color":"","background-image":"","background-repeat":"repeat","background-position":"center center","background-size":"auto","background-attachment":"scroll","background-type":"","background-media":"","overlay-type":"","overlay-color":"","overlay-opacity":"","overlay-gradient":""},"mobile":{"background-color":"","background-image":"","background-repeat":"repeat","background-position":"center center","background-size":"auto","background-attachment":"scroll","background-type":"","background-media":"","overlay-type":"","overlay-color":"","overlay-opacity":"","overlay-gradient":""}},"ast-content-background-meta":{"desktop":{"background-color":"var(--ast-global-color-4)","background-image":"","background-repeat":"repeat","background-position":"center center","background-size":"auto","background-attachment":"scroll","background-type":"","background-media":"","overlay-type":"","overlay-color":"","overlay-opacity":"","overlay-gradient":""},"tablet":{"background-color":"var(--ast-global-color-4)","background-image":"","background-repeat":"repeat","background-position":"center center","background-size":"auto","background-attachment":"scroll","background-type":"","background-media":"","overlay-type":"","overlay-color":"","overlay-opacity":"","overlay-gradient":""},"mobile":{"background-color":"var(--ast-global-color-4)","background-image":"","background-repeat":"repeat","background-position":"center center","background-size":"auto","background-attachment":"scroll","background-type":"","background-media":"","overlay-type":"","overlay-color":"","overlay-opacity":"","overlay-gradient":""}},"footnotes":""},"class_list":["post-239","page","type-page","status-publish","hentry"],"_links":{"self":[{"href":"https:\/\/agnes-garcin.fr\/index.php\/wp-json\/wp\/v2\/pages\/239","targetHints":{"allow":["GET"]}}],"collection":[{"href":"https:\/\/agnes-garcin.fr\/index.php\/wp-json\/wp\/v2\/pages"}],"about":[{"href":"https:\/\/agnes-garcin.fr\/index.php\/wp-json\/wp\/v2\/types\/page"}],"author":[{"embeddable":true,"href":"https:\/\/agnes-garcin.fr\/index.php\/wp-json\/wp\/v2\/users\/1"}],"replies":[{"embeddable":true,"href":"https:\/\/agnes-garcin.fr\/index.php\/wp-json\/wp\/v2\/comments?post=239"}],"version-history":[{"count":35,"href":"https:\/\/agnes-garcin.fr\/index.php\/wp-json\/wp\/v2\/pages\/239\/revisions"}],"predecessor-version":[{"id":675,"href":"https:\/\/agnes-garcin.fr\/index.php\/wp-json\/wp\/v2\/pages\/239\/revisions\/675"}],"wp:attachment":[{"href":"https:\/\/agnes-garcin.fr\/index.php\/wp-json\/wp\/v2\/media?parent=239"}],"curies":[{"name":"wp","href":"https:\/\/api.w.org\/{rel}","templated":true}]}}