{"id":223,"date":"2025-03-19T08:01:36","date_gmt":"2025-03-19T07:01:36","guid":{"rendered":"https:\/\/agnes.paulklee.fr\/?page_id=223"},"modified":"2025-09-05T17:30:48","modified_gmt":"2025-09-05T15:30:48","slug":"petites-notes","status":"publish","type":"page","link":"https:\/\/agnes-garcin.fr\/index.php\/petites-notes\/","title":{"rendered":"Petites notes"},"content":{"rendered":"\n<h3 class=\"wp-block-heading\">Des vies silencieuses<\/h3>\n\n\n\n<p>Je pr\u00e9f\u00e8re parler non de nature morte, mais de \u00abstill life \u00bb = vie silencieuse comme les nomment les anglais, ou \u00ab Stilleben \u00bb= vie immobile, tranquille, pour les Pays-Bas et l&#8217;Allemagne. Car ce genre de peinture ne dit pas seulement la mort \u00e0 venir, mais la vie secr\u00e8te des choses qui se donne \u00e0 voir si l&#8217;on s&#8217;y arr\u00eate.<br> Hormis certains artistes actuels qui reprennent le genre de la nature morte et des vanit\u00e9s avec un humour noir voire une ironie grin\u00e7ante et crue, bien d&#8217;autres peintres, \u00e0 mon sens, traitent ce th\u00e8me en premier lieu comme une contemplation.<br> Contemplation de la vie des objets entre eux, leurs rapports parfois secr\u00e8tement math\u00e9matiques, comment ils se r\u00e9pondent et se co-rrespondent. Contemplation de leur beaut\u00e9 propre. Contemplation de leur apparente insignifiance et de leur banalit\u00e9 qui vient de fa\u00e7on inattendue accrocher le regard du peintre: celui-ci devient alors un contemplatif. Face au banal de l&#8217;objet quotidien, le peintre n&#8217;a pas les yeux \u00ab habitu\u00e9s \u00bb : d&#8217;un sujet ordinaire, il fait un tableau. Il \u00e9l\u00e8ve l&#8217;ordinaire au rang d\u2019\u0153uvre en rendant aux objets leur beaut\u00e9 et leur vie propre. Il dit au spectateur : \u00ab Dans l&#8217;ordinaire de la vie, dans le commun du quotidien, la beaut\u00e9 est l\u00e0, se donne \u00e0 voir ; il suffit non de regarder, mais de contempler le monde qui nous entoure chaque jour avec des yeux lav\u00e9s de l&#8217;habitude pour que surgisse \u00e0 notre conscience, \u00f4 surprise, la beaut\u00e9 humble et cach\u00e9e de ce qui nous entoure famili\u00e8rement \u00bb. <br> Il me semble que pour atteindre ce sommet de contemplation en peinture, il faut de longues ann\u00e9es ; c&#8217;est sans doute pour cela qu&#8217;aujourd&#8217;hui, avec notre rapport au temps instantan\u00e9, peu de \u00ab regardants \u00bb sont amateurs de vies silencieuses.<br> Je constate par ma pratique que la \u00ab vie immobile, silencieuse \u00bb est un genre appr\u00e9ci\u00e9 que par de rares personnes parmi celles qui s&#8217;int\u00e9ressent \u00e0 la peinture. Je fais l&#8217;hypoth\u00e8se que ce manque de go\u00fbt pour ces \u0153uvres est issu du bouleversement, ces derni\u00e8res d\u00e9cennies, de notre rapport \u00e0 la mort et au temps qui s&#8217;\u00e9coule. En effet, de plus en plus dans notre soci\u00e9t\u00e9, notre lien \u00e0 la mort est cach\u00e9, voire effac\u00e9 ; et nous sommes nombreux \u00e0 \u00eatre effray\u00e9s \u00e0 la fois par l&#8217;\u00e9coulement rapide du temps qui fuit sans cesse et nous \u00e9chappe et dans le m\u00eame mouvement, qui semble, s&#8217;\u00e9tirer ind\u00e9finiment dans une dur\u00e9e immobile peu conforme \u00e0 notre mode de vie rapide et versatile. Dans sa double valeur de dur\u00e9e et d&#8217;instant, le temps nous met en face et de la stabilit\u00e9 et, a contrario, de la perte d\u00e9finitive.<br> Pourtant, il me semble que si l&#8217;on s&#8217;attarde sur les \u0153uvres de vies silencieuses, celles-ci sont, pour partie, le sommet de la contemplation, tant pour le peintre que pour ceux qui regardent la peinture avec attention.<br><br> Agn\u00e8s Garcin &#8211; mars 2014<\/p>\n\n\n\n<hr class=\"wp-block-separator has-alpha-channel-opacity\"\/>\n\n\n\n<h3 class=\"wp-block-heading\">Inspiration et travail dans la cr\u00e9ation<\/h3>\n\n\n\n<p>Souvent, on me pose la question : \u00ab Attends-tu l&#8217;inspiration pour peindre ? Comment fais-tu ? \u00bb. <br> Heureusement (ou malheureusement ?) non, car si je comptais sur l&#8217;inspiration, je ne peindrais vraiment pas beaucoup et peu, voire rien, ne viendrait au jour !<br> Ce que j&#8217;entends par inspiration, c&#8217;est, \u00e0 proprement parler, ce qui vient du souffle ; celui qui est in-spir\u00e9 est celui qui est anim\u00e9 par un souffle cr\u00e9ateur, voire divin. Le peintre ne peut faire l&#8217;impasse sur le souffle, car quand il peint, sa respiration souvent s&#8217;accorde aux mouvements de ses pinceaux. L&#8217;inspiration est de l&#8217;ordre de la gr\u00e2ce, de la cr\u00e9ation, par-del\u00e0 le \u00ab laborieux \u00bb du travail. Elle est donn\u00e9e par-del\u00e0 le travail n\u00e9cessaire \u00e0 la ma\u00eetrise de l&#8217;outil, pour peu que celui-ci soit \u00ab une ma\u00eetrise qui demeure comme \u00e0 l&#8217;\u00e9coute de la couleur, des formes plastiques. \u00bb (F. Chirpaz)<br> Je ne crois pas qu&#8217;il faille compter sur l&#8217;inspiration pour se mettre en route. Je crois au travail, non \u00e0 la force du poignet, mais pour autant r\u00e9gulier, lent et patient, fid\u00e8le ; le travail \u00ab laborieux \u00bb qui cherche et remet l&#8217;ouvrage sur le m\u00e9tier, qui h\u00e9site et cherche, fait et refait sans se lasser des t\u00e2tonnements, du travail inabouti, des impasses et des errances. Car, non seulement par cette \u00e9tape, je m&#8217;affermis dans la technique et l&#8217;observation, mais aussi, j&#8217;entre dans un plus profond que je ne connais pas. Je cherche sans le savoir, sans mots, sans volont\u00e9 directrice. Paradoxalement, ainsi, j&#8217;approfondis ce que je ne sais pas. Il me semble que, dans tout travail artistique, il y a une primaut\u00e9, dans un premier temps, au travail, \u00e0 l&#8217;exercice, \u00e0 la r\u00e9gularit\u00e9 pour assouplir la main, l\u2019\u0153il, l&#8217;esprit, pour apprivoiser l&#8217;outil et la technique afin de conna\u00eetre son moyen d&#8217;expression.<br> Le travailleur r\u00e9gulier se tient dans l&#8217;ouvert de la recherche ; en travaillant, il laisse l&#8217;espace pour qu&#8217;advienne l&#8217;erreur bienheureuse, l&#8217;inattendu, la gr\u00e2ce qui se donne toujours par surcro\u00eet.<br> L&#8217;inspiration viendra alors en plus peut-\u00eatre. Comme la gr\u00e2ce, elle est donn\u00e9e de surcro\u00eet mais pas sans nous. Il s&#8217;agit, par l&#8217;inspiration, de \u00ab prononcer juste \u00bb (Jaccottet), au plus ajust\u00e9 de ce que l&#8217;on tente d&#8217;approcher, le reste sera donn\u00e9 et fera peut-\u00eatre une \u0153uvre et non pas un tableau parce que l\u00e0, l&#8217;artiste approche de la cr\u00e9ation ; c&#8217;est-\u00e0-dire qu&#8217;il ne produit pas un tableau de plus mais il \u00ab fait \u0153uvre \u00bb si je puis dire. Mais combien de tableaux, d&#8217;\u00e9crits sont n\u00e9cessaires avant de voir surgir une \u0153uvre ?<br> <br> Donc, je crois \u00e0 la r\u00e9gularit\u00e9 du travail, au sein de laquelle viendra l&#8217;inspiration et non \u00e0 attendre l&#8217;inspiration pour me mettre au travail. Autrement dit, sans travail, il n&#8217;existe pas d&#8217;inspiration ; si le travail me revient, l&#8217;inspiration, elle, ne m&#8217;appartient pas parce qu&#8217;elle rel\u00e8ve d&#8217;une dimension autre.<br> <br> Ainsi,<\/p>\n\n\n\n<blockquote class=\"wp-block-quote is-style-plain is-layout-flow wp-block-quote-is-layout-flow\">\n<p class=\"has-ast-global-color-1-color has-ast-global-color-4-background-color has-text-color has-background has-link-color wp-elements-62b75d9afd5986f4ad3ad4bcdabfd953\">Aucune \u0153uvre ne peut voir le jour qu&#8217;au lieu du croisement complexe d&#8217;une inspiration et d&#8217;un travail. (\u2026) Faire advenir une \u0153uvre se tient donc en ce lieu myst\u00e9rieux o\u00f9 le plus profond de ce que nous sommes, nous qui ne sommes que des hommes, pour reprendre le mot de Platon, est en ouverture sur plus que nous-m\u00eames. (F. Chirpaz)<\/p>\n<\/blockquote>\n\n\n\n<p>Agn\u00e8s Garcin &#8211; septembre 2014<\/p>\n\n\n\n<hr class=\"wp-block-separator has-alpha-channel-opacity\"\/>\n\n\n\n<blockquote class=\"wp-block-quote is-style-plain has-ast-global-color-1-color has-white-background-color has-text-color has-background has-link-color wp-elements-c94fbf9872a362126e0bcbf8ebcef181 is-layout-flow wp-block-quote-is-layout-flow\">\n<p>Si tu cherches le style, tu trouves la mort; mais si tu cherches la vie, tu trouves le style (Eduardo De Filippo dramaturge et po\u00e8te italien 1900-1984)<\/p>\n<\/blockquote>\n\n\n\n<p>Je vois bien qu&#8217;il ne faut pas peindre pour une recherche formelle pour elle-m\u00eame car cela est mortif\u00e8re, mais peindre ce qui engage ma sensibilit\u00e9, ma vie, la vie, alors le style viendra.<\/p>\n\n\n\n<p>Agn\u00e8s Garcin &#8211; f\u00e9vrier 2015<\/p>\n\n\n\n<hr class=\"wp-block-separator has-alpha-channel-opacity\"\/>\n\n\n\n<p><br>Dessiner, peindre, inscrire une trace, un signe, un symbole sur un support pour tenter d\u2019approcher le r\u00e9el. L\u2019acte cr\u00e9ateur, m\u00eame dans la r\u00e9gularit\u00e9 du travail, s\u2019accomplit chaque fois dans l\u2019incertain : qu\u2019est ce que je vois\u00a0? Qu\u2019est-ce que je veux en dire\u00a0? Et, finalement, qu\u2019est-ce que je r\u00e9ussis \u00e0 transmettre de ce que je souhaitais dire\u00a0? Sur le motif, toujours, je transcris le r\u00e9el, ou plut\u00f4t, je tente d\u2019en dire l\u2019\u00e9motion, mon \u00e9motion, face au monde per\u00e7u et senti. Peindre\u00a0? \u00catre perm\u00e9able \u00e0 ce que le sujet me transmet, en faire mon miel pour que d\u2019autres puissent voir le monde, un monde, et le construire \u00e0 leur tour.<\/p>\n\n\n\n<p>Agn\u00e8s Garcin &#8211; 2016<\/p>\n\n\n\n<hr class=\"wp-block-separator has-alpha-channel-opacity\"\/>\n\n\n\n<p><\/p>\n\n\n\n<p>Plus j&#8217;avance dans mon travail sur le motif, plus il me semble que la \u00ab bataille \u00bb porte sur ceci : la lumi\u00e8re ext\u00e9rieure me contraint \u00e0 une ex\u00e9cution rapide, synth\u00e9tique, cherchant l&#8217;impression qui sera au plus pr\u00e8s du motif fugace et de la variation de la lumi\u00e8re. <br> Cette \u00ab bataille \u00bb questionne le rapport fini\/non fini de l\u2019\u0153uvre: jusqu&#8217;o\u00f9 &#8220;d\u00e9finir&#8221;, jusqu&#8217;o\u00f9 &#8220;dire&#8221; sans tomber dans l&#8217;anecdotique, ni r\u00e9duire la libert\u00e9 de celui qui regardera le tableau? Par ce travail, la temporalit\u00e9 vient s&#8217;inscrire dans le monde immobile du tableau. <br> Par ricochet, cette &#8220;recherche-non-finie&#8221; convoque peut-\u00eatre le spectateur, \u00e0 son tour, \u00e0 donner vie \u00e0 la toile, cr\u00e9ant sa propre histoire entre lui, l\u2019\u0153uvre et l&#8217;artiste car, in fine, une \u0153uvre n&#8217;existe que dans le regard d&#8217;autrui.<br><br> Agn\u00e8s Garcin &#8211; 2022<\/p>\n\n\n\n<hr class=\"wp-block-separator has-alpha-channel-opacity\"\/>\n\n\n\n<blockquote class=\"wp-block-quote is-style-plain has-ast-global-color-1-color has-ast-global-color-4-background-color has-text-color has-background has-link-color wp-elements-df27c51caba38756471efa8dd70a27a2 is-layout-flow wp-block-quote-is-layout-flow\">\n<p>La beaut\u00e9 devant moi fasse que je marche<br> La beaut\u00e9 derri\u00e8re moi fasse que je marche<br> La beaut\u00e9 au-dessus de moi fasse que je marche<br> La beaut\u00e9 au-dessous de moi fasse que je marche<br> La beaut\u00e9 tout autour de moi fasse que je marche<\/p>\n\n\n\n<p>strophe du Kledze Hatal, chant shaman navajo. <\/p>\n<\/blockquote>\n\n\n\n<hr class=\"wp-block-separator has-alpha-channel-opacity\"\/>\n\n\n\n<blockquote class=\"wp-block-quote is-layout-flow wp-block-quote-is-layout-flow\">\n<p class=\"has-ast-global-color-1-color has-ast-global-color-4-background-color has-text-color has-background has-link-color wp-elements-475443971cd25c9963a892dd7a26ba8b\">La beaut\u00e9 est partout, sous les yeux, \u00e0 port\u00e9e de main. Elle commence l\u00e0 o\u00f9 je regarde ce que je vois, o\u00f9 je caresse ce que je touche. C&#8217;est l\u2019\u0153il absolu et la main l\u00e9g\u00e8re.<br>Bonnard, la main l\u00e9g\u00e8re       Alain L\u00e9v\u00eaque<\/p>\n<\/blockquote>\n\n\n\n<hr class=\"wp-block-separator has-alpha-channel-opacity\"\/>\n\n\n\n<p><\/p>\n","protected":false},"excerpt":{"rendered":"<p>Des vies silencieuses Je pr\u00e9f\u00e8re parler non de nature morte, mais de \u00abstill life \u00bb = vie silencieuse comme les [&hellip;]<\/p>\n","protected":false},"author":1,"featured_media":0,"parent":0,"menu_order":7,"comment_status":"closed","ping_status":"closed","template":"","meta":{"site-sidebar-layout":"default","site-content-layout":"","ast-site-content-layout":"default","site-content-style":"default","site-sidebar-style":"default","ast-global-header-display":"","ast-banner-title-visibility":"","ast-main-header-display":"","ast-hfb-above-header-display":"","ast-hfb-below-header-display":"","ast-hfb-mobile-header-display":"","site-post-title":"","ast-breadcrumbs-content":"","ast-featured-img":"","footer-sml-layout":"","ast-disable-related-posts":"","theme-transparent-header-meta":"","adv-header-id-meta":"","stick-header-meta":"","header-above-stick-meta":"","header-main-stick-meta":"","header-below-stick-meta":"","astra-migrate-meta-layouts":"default","ast-page-background-enabled":"default","ast-page-background-meta":{"desktop":{"background-color":"var(--ast-global-color-5)","background-image":"","background-repeat":"repeat","background-position":"center center","background-size":"auto","background-attachment":"scroll","background-type":"","background-media":"","overlay-type":"","overlay-color":"","overlay-opacity":"","overlay-gradient":""},"tablet":{"background-color":"","background-image":"","background-repeat":"repeat","background-position":"center center","background-size":"auto","background-attachment":"scroll","background-type":"","background-media":"","overlay-type":"","overlay-color":"","overlay-opacity":"","overlay-gradient":""},"mobile":{"background-color":"","background-image":"","background-repeat":"repeat","background-position":"center center","background-size":"auto","background-attachment":"scroll","background-type":"","background-media":"","overlay-type":"","overlay-color":"","overlay-opacity":"","overlay-gradient":""}},"ast-content-background-meta":{"desktop":{"background-color":"var(--ast-global-color-4)","background-image":"","background-repeat":"repeat","background-position":"center center","background-size":"auto","background-attachment":"scroll","background-type":"","background-media":"","overlay-type":"","overlay-color":"","overlay-opacity":"","overlay-gradient":""},"tablet":{"background-color":"var(--ast-global-color-4)","background-image":"","background-repeat":"repeat","background-position":"center center","background-size":"auto","background-attachment":"scroll","background-type":"","background-media":"","overlay-type":"","overlay-color":"","overlay-opacity":"","overlay-gradient":""},"mobile":{"background-color":"var(--ast-global-color-4)","background-image":"","background-repeat":"repeat","background-position":"center center","background-size":"auto","background-attachment":"scroll","background-type":"","background-media":"","overlay-type":"","overlay-color":"","overlay-opacity":"","overlay-gradient":""}},"footnotes":""},"class_list":["post-223","page","type-page","status-publish","hentry"],"_links":{"self":[{"href":"https:\/\/agnes-garcin.fr\/index.php\/wp-json\/wp\/v2\/pages\/223","targetHints":{"allow":["GET"]}}],"collection":[{"href":"https:\/\/agnes-garcin.fr\/index.php\/wp-json\/wp\/v2\/pages"}],"about":[{"href":"https:\/\/agnes-garcin.fr\/index.php\/wp-json\/wp\/v2\/types\/page"}],"author":[{"embeddable":true,"href":"https:\/\/agnes-garcin.fr\/index.php\/wp-json\/wp\/v2\/users\/1"}],"replies":[{"embeddable":true,"href":"https:\/\/agnes-garcin.fr\/index.php\/wp-json\/wp\/v2\/comments?post=223"}],"version-history":[{"count":15,"href":"https:\/\/agnes-garcin.fr\/index.php\/wp-json\/wp\/v2\/pages\/223\/revisions"}],"predecessor-version":[{"id":783,"href":"https:\/\/agnes-garcin.fr\/index.php\/wp-json\/wp\/v2\/pages\/223\/revisions\/783"}],"wp:attachment":[{"href":"https:\/\/agnes-garcin.fr\/index.php\/wp-json\/wp\/v2\/media?parent=223"}],"curies":[{"name":"wp","href":"https:\/\/api.w.org\/{rel}","templated":true}]}}